{"id":23,"date":"2026-03-19T12:23:24","date_gmt":"2026-03-19T15:23:24","guid":{"rendered":"https:\/\/cels.org.ar\/mida\/?page_id=23"},"modified":"2026-03-25T12:13:23","modified_gmt":"2026-03-25T15:13:23","slug":"que-es-mida","status":"publish","type":"page","link":"https:\/\/cels.org.ar\/mida\/que-es-mida\/","title":{"rendered":"\u00bfQu\u00e9 es Mida?"},"content":{"rendered":"\n<p>El Mapa Internacional de Derechos Amenazados es un instrumento de observaci\u00f3n y reflexi\u00f3n pol\u00edtica construido por el equipo Movilizaci\u00f3n y Democracia del CELS.&nbsp;<\/p>\n\n\n\n<p>Busca recopilar informaci\u00f3n sobre Argentina, Brasil, Estados Unidos, Espa\u00f1a y Alemania y su intenci\u00f3n es continuar sumando pa\u00edses.&nbsp;<\/p>\n\n\n\n<p>En la base de MIDA se registran, por un lado, medidas de gobierno regresivas -decretos, legislaci\u00f3n, resoluciones, pronunciamientos en organismos multilaterales- que afectan o amenazan un conjunto de derechos humanos a escala nacional:&nbsp;<\/p>\n\n\n\n<ul class=\"wp-block-list\">\n<li>derechos laborales,&nbsp;<\/li>\n\n\n\n<li>derechos sexuales y reproductivos,&nbsp;<\/li>\n\n\n\n<li>derechos de personas migrantes y de minor\u00edas religiosas,&nbsp;<\/li>\n\n\n\n<li>libertad de expresi\u00f3n y derecho a la protesta social.&nbsp;<\/li>\n<\/ul>\n\n\n\n<p>Por otro lado, es tambi\u00e9n un mapa de resistencias. MIDA compila informaci\u00f3n sobre manifestaciones populares y amparos judiciales llevados adelante por organizaciones de la sociedad civil que le hacen frente y en ocasiones logran revertir las medidas de gobierno que atacan derechos humanos.&nbsp;<\/p>\n\n\n\n<h2 class=\"wp-block-heading\">\u00bfPara qu\u00e9 sirve MIDA?<\/h2>\n\n\n\n<p>Pensamos en MIDA como una herramienta \u00fatil para los activismos sindicales, feministas, migrantes, por los derechos humanos. No es una base de datos para el diagn\u00f3stico, sino que se propone como un insumo para aprender:&nbsp;<\/p>\n\n\n\n<ul class=\"wp-block-list\">\n<li>acerca de la estrategia de las ultraderechas para erosionar la democracia quit\u00e1ndole lugar y valor a los derechos humanos;&nbsp;<\/li>\n\n\n\n<li>sobre los modos en que los gobiernos progresistas buscar revertir o cercar la agenda de las ultraderechas;<\/li>\n\n\n\n<li>sobre el rol clave que juegan en una democracia din\u00e1mica y abierta la existencia de movilizaci\u00f3n social, organizaciones que trabajan por la justicia social y los derechos humanos y prensa libre y cr\u00edtica de los poderes f\u00e1cticos.&nbsp;<\/li>\n<\/ul>\n\n\n\n<p>Somos conscientes que cada experiencia de base nacional tiene algo de peculiar e irrepetible; pero tambi\u00e9n sabemos que la ultraderecha se organiza a nivel internacional, compartiendo t\u00e1cticas y estrategias para desmontar ideas de bien com\u00fan y estigmatizar militancias de todo tipo. Desde una perspectiva progresista de corte internacional e internacionalista, creemos que hay una utilidad en observar pa\u00edses que se encuentran transitando distintos momentos de esta \u201cpel\u00edcula\u201d contempor\u00e1nea: naciones con gobiernos de ultraderecha en el norte y en el sur global, pa\u00edses con gobiernos de derecha pero una ultraderecha en crecimiento dentro del poder legislativo y poderes provinciales, gobiernos progresistas que sucedieron a gobiernos de ultraderecha, gobiernos progresistas que hacen esfuerzos por contener la amenaza de un ejecutivo de ultraderecha.&nbsp;<br>Si quer\u00e9s conocer m\u00e1s sobre c\u00f3mo hacemos MIDA, te sugerimos la lectura de nuestro <a href=\"https:\/\/cels.org.ar\/mida\/metodologia-mida\/\" data-type=\"page\" data-id=\"27\">apartado metodol\u00f3gico<\/a>.<\/p>\n\n\n\n<p><\/p>\n\n\n\n<p><\/p>\n","protected":false},"excerpt":{"rendered":"<p>El Mapa Internacional de Derechos Amenazados es un instrumento de observaci\u00f3n y reflexi\u00f3n pol\u00edtica construido por el equipo Movilizaci\u00f3n y Democracia del CELS.&nbsp; Busca recopilar informaci\u00f3n sobre Argentina, Brasil, Estados Unidos, Espa\u00f1a y Alemania y su intenci\u00f3n es continuar sumando pa\u00edses.&nbsp; En la base de MIDA se registran, por un lado, medidas de gobierno regresivas [&hellip;]<\/p>\n","protected":false},"author":2,"featured_media":0,"parent":0,"menu_order":0,"comment_status":"closed","ping_status":"closed","template":"","meta":{"footnotes":""},"class_list":["post-23","page","type-page","status-publish","hentry"],"_links":{"self":[{"href":"https:\/\/cels.org.ar\/mida\/wp-json\/wp\/v2\/pages\/23","targetHints":{"allow":["GET"]}}],"collection":[{"href":"https:\/\/cels.org.ar\/mida\/wp-json\/wp\/v2\/pages"}],"about":[{"href":"https:\/\/cels.org.ar\/mida\/wp-json\/wp\/v2\/types\/page"}],"author":[{"embeddable":true,"href":"https:\/\/cels.org.ar\/mida\/wp-json\/wp\/v2\/users\/2"}],"replies":[{"embeddable":true,"href":"https:\/\/cels.org.ar\/mida\/wp-json\/wp\/v2\/comments?post=23"}],"version-history":[{"count":2,"href":"https:\/\/cels.org.ar\/mida\/wp-json\/wp\/v2\/pages\/23\/revisions"}],"predecessor-version":[{"id":149,"href":"https:\/\/cels.org.ar\/mida\/wp-json\/wp\/v2\/pages\/23\/revisions\/149"}],"wp:attachment":[{"href":"https:\/\/cels.org.ar\/mida\/wp-json\/wp\/v2\/media?parent=23"}],"curies":[{"name":"wp","href":"https:\/\/api.w.org\/{rel}","templated":true}]}}