{"id":27,"date":"2026-03-19T12:38:32","date_gmt":"2026-03-19T15:38:32","guid":{"rendered":"https:\/\/cels.org.ar\/mida\/?page_id=27"},"modified":"2026-03-25T00:07:14","modified_gmt":"2026-03-25T03:07:14","slug":"metodologia-mida","status":"publish","type":"page","link":"https:\/\/cels.org.ar\/mida\/metodologia-mida\/","title":{"rendered":"Metodolog\u00eda MIDA"},"content":{"rendered":"\n<ol class=\"wp-block-list\">\n<li><a href=\"#proposito\">\u00bfPor qu\u00e9 y para qu\u00e9 construir esta base de datos?\u00a0<\/a><\/li>\n\n\n\n<li><a href=\"#informacion\">\u00bfQu\u00e9 tipo de informaci\u00f3n recopilamos?<\/a><\/li>\n\n\n\n<li><a href=\"#documentamos\">\u00bfQu\u00e9 no documentamos?\u00a0<\/a><\/li>\n\n\n\n<li><a href=\"#datos\">\u00bfDe d\u00f3nde provienen los datos?<\/a><\/li>\n\n\n\n<li><a href=\"#recopilacion\">\u00bfEs exhaustiva la recopilaci\u00f3n de informaci\u00f3n en la base de datos?<\/a><\/li>\n\n\n\n<li><a href=\"#actualizacion\">\u00bfC\u00f3mo se actualiza la informaci\u00f3n?<\/a><\/li>\n\n\n\n<li><a href=\"#variables\">\u00bfC\u00f3mo se construyen las variables y las subvariables?<\/a><\/li>\n<\/ol>\n\n\n\n<h2 class=\"wp-block-heading\" id=\"proposito\">1. <strong>\u00bfPor qu\u00e9 y para qu\u00e9 construir esta base de datos?\u00a0<\/strong><\/h2>\n\n\n\n<p>En los \u00faltimos a\u00f1os, el crecimiento de la ultraderecha a nivel internacional se volvi\u00f3 un fen\u00f3meno preocupante. Dicho crecimiento es perceptible a escala global, tanto en t\u00e9rminos del incremento de figuras neofascistas ocupando puestos de gobierno (a nivel del Poder Ejecutivo hoy en Argentina, Estados Unidos, Hungr\u00eda, Italia y en cargos legislativos y municipales en Brasil, Alemania, Espa\u00f1a y muchos otros) como en relaci\u00f3n a procesos sociales y pol\u00edticos de degradaci\u00f3n de la democracia. A partir de un estudio meditado sobre los encuentros globales que la ultraderecha viene realizando en la \u00faltima d\u00e9cada -eventos como CPAC, Cumbres Transatl\u00e1nticas, Patriots Network, Foro de Madrid, entre otros- una primera hip\u00f3tesis de trabajo que buscamos poner a prueba es que la ultraderecha tiene un manual com\u00fan. Una serie de puntos de agenda cuya aplicaci\u00f3n se vuelve parte del proceso de instalarse en el poder. A\u00fan registr\u00e1ndose modulaciones peculiares a escala de los distintos pa\u00edses, se observa como una constante: ataques a la libertad de expresi\u00f3n, posturas conservadoras en relaci\u00f3n a derechos sexuales y reproductivos, estigmatizaci\u00f3n de movimientos feministas \/ LGTBIQ+ y discriminaci\u00f3n de base racista y xen\u00f3foba. Con menos fuerza ret\u00f3rica, pero igualmente perceptible en estos gobiernos es el avance sobre derechos laborales.&nbsp;<\/p>\n\n\n\n<p>Como organizaci\u00f3n de derechos humanos, nos preocupa que la democracia se vuelva un significante vac\u00edo y que los gobiernos autoritarios vuelvan nuestras agendas por el bien com\u00fan blanco de sus ataques. Desde esta perspectiva de derechos, consideramos que es preciso monitorear este crecimiento, crear alertas y difundir resultados entre actores pol\u00edticos en lucha contra el autoritarismo. Buscamos analizar, entender y comunicar:&nbsp;<\/p>\n\n\n\n<ul class=\"wp-block-list\">\n<li>C\u00f3mo se despliegan sus pol\u00edticas en los distintos pa\u00edses<\/li>\n\n\n\n<li>Cu\u00e1les son los principales ejes de acci\u00f3n y c\u00f3mo se llevan a cabo<\/li>\n\n\n\n<li>Cu\u00e1les se manifiestan las experiencias de resistencia y de respuesta contrahegem\u00f3nica.<\/li>\n<\/ul>\n\n\n\n<p>Un registro de estas caracter\u00edsticas nos permite medir el impacto del autoritarismo en distintos pa\u00edses. Esto constituye una herramienta para la actualizaci\u00f3n del diagn\u00f3stico, para el aprendizaje en relaci\u00f3n a la eficacia de sus t\u00e1cticas y estrategias y sobre las formas que adopta la resistencia y la resiliencia democr\u00e1tica. Lejos de constituir un instrumento de alarma que contribuya a la desesperanza, este observatorio busca generar conciencia y distinguir modos de acci\u00f3n antidemocr\u00e1tica y pr\u00e1cticas que contrarrestan su influencia. Proponemos que los datos que compilemos se vuelvan insumos para la elaboraci\u00f3n colectiva de an\u00e1lisis. As\u00ed, la apertura de instancias de reflexi\u00f3n pol\u00edtica entre diversos actores donde conversar sobre estos aprendizajes es un componente clave de la estrategia que este Observatorio propone.&nbsp;<\/p>\n\n\n\n<h2 class=\"wp-block-heading\" id=\"informacion\">2. \u00bfQu\u00e9 tipo de informaci\u00f3n recopilamos?<\/h2>\n\n\n\n<p>El <strong>Mapa Internacional de Derechos Amenazados<\/strong> (MIDA) se construye como una base de datos que recopila informaci\u00f3n sobre medidas de gobierno que por su cualidad antidemocr\u00e1tica, por vulnerar u obstruir el pleno goce de los derechos humanos o por promover o tolerar ataques violentos contra grupos se\u00f1alados como opositores pol\u00edticos, son entendidas aqu\u00ed como parte del despliegue internacional de la ultraderecha en el poder.<\/p>\n\n\n\n<p>A su vez, documenta manifestaciones colectivas de protesta, oposici\u00f3n y repudio a tales medidas, con la intenci\u00f3n de darle entidad y valor a las diversas formas de resistencia popular. En esta primera fase del proyecto, MIDA inicia su an\u00e1lisis a partir de junio de 2024, toma como primer corte junio de 2025 y pone el foco en Argentina, Brasil, Alemania, Estados Unidos y Espa\u00f1a.<\/p>\n\n\n\n<p>La elecci\u00f3n de estos pa\u00edses habilita la observaci\u00f3n de realidades en donde la ultraderecha ocupa distintas posiciones: pa\u00edses con un poder ejecutivo en manos de figuras de la ultraderecha (Argentina, Estados Unidos), pa\u00edses que tuvieron gobiernos de ultraderecha y en los que actualmente esas fuerzas pol\u00edticas disputan poderes municipales, estaduales o el legislativo nacional (Brasil), pa\u00edses que a trav\u00e9s de gobiernos de coalici\u00f3n y con medidas del tipo \u201ccord\u00f3n sanitario\u201d intentan frenar el avance de la ultraderecha (Espa\u00f1a, Alemania). Exponentes de las ultraderechas de estos pa\u00edses se han dado cita en encuentros internacionales -CPAC, Foro Panamericano de J\u00f3venes Pol\u00edticos, Cumbre Transatl\u00e1ntica, Foro Madrid, Foro Buenos Aires, entre otros- en los que se promueve una agenda com\u00fan y se socializan herramientas, contactos y financiamiento. En los distintos casos nacionales analizados, se habilita una reflexi\u00f3n por las conexiones fluidas entre \u201cviejas\u201d y \u201cnuevas\u201d derechas.<\/p>\n\n\n\n<h2 class=\"wp-block-heading\" id=\"documentamos\">3. \u00bfQu\u00e9 no documentamos?\u00a0<\/h2>\n\n\n\n<p>Reconociendo la existencia de observatorios y monitoreos de ataques violentos que tienen lugar al interior de la propia sociedad civil, de base racista, negacionista, mis\u00f3gina, antifeminista o lgbtiq-f\u00f3bica en <a href=\"https:\/\/glaad.org\/2025-alert-desk\/\" target=\"_blank\" rel=\"noreferrer noopener nofollow\">Estados Unidos<\/a>, <a href=\"https:\/\/www.gov.br\/mj\/pt-br\/assuntos\/noticias\/mjsp-lanca-observatorio-moise-kabagambe\" target=\"_blank\" rel=\"noreferrer noopener nofollow\">Brasil<\/a>, <a href=\"https:\/\/verband-brg.de\/english\/\" target=\"_blank\" rel=\"noreferrer noopener nofollow\">Alemania<\/a> y <a href=\"https:\/\/ra-dar.com.ar\/\" target=\"_blank\" rel=\"noreferrer noopener nofollow\">Argentina<\/a>, entre otros, <strong>MIDA busca ocuparse espec\u00edficamente de las acciones de gobierno.<\/strong> Ejemplos de dichas acciones que monitoreamos: promulgaci\u00f3n de leyes o decretos, derogaci\u00f3n de legislaci\u00f3n de corte progresista, cierre de programas de pol\u00edticas p\u00fablicas que garanticen acceso a derechos, votaciones regresivas en espacios multilaterales, \u00f3rdenes de represi\u00f3n de la protesta social y discursos antidemocr\u00e1ticos de funcionarios de gobierno en la esfera p\u00fablica, incluyendo intervenciones en redes sociales.\u00a0<\/p>\n\n\n\n<p>Al concentrar su atenci\u00f3n en las agendas pol\u00edticas gubernamentales, se propone funcionar como un complemento de aquellos monitoreos centrados en documentar la capilaridad de la violencia, a fin de plantear correlaciones posibles entre las acciones estatales y las reverberaciones sociales que las mismas generan. Este Mapa tampoco pretende construir una unidad de medida democr\u00e1tica a partir de la cual asignar valores diferenciales a cada pa\u00eds, como proponen a partir de distintas metodolog\u00edas monitores como <a href=\"https:\/\/monitor.civicus.org\/\" target=\"_blank\" rel=\"noreferrer noopener nofollow\">Civicus<\/a> o <a href=\"https:\/\/www.latinobarometro.org\/latContents.jsp?Idioma=724&amp;CMSID=Documentos\" target=\"_blank\" rel=\"noreferrer noopener nofollow\">Latinobar\u00f3metro<\/a>. As\u00ed, la puesta en relaci\u00f3n de los distintos casos nacionales analizados m\u00e1s que descubrir denominadores comunes o establecer eslabones de una cadena de progresi\u00f3n pretende iluminar panoramas regionales, conexiones transnacionales y abrir preguntas sobre los niveles de eficacia en la implantaci\u00f3n de estas agendas ultras. Tales niveles buscan vincularse con la propia din\u00e1mica nacional de las estrategias de resistencia, amortiguaci\u00f3n o contraataque.<\/p>\n\n\n\n<h2 class=\"wp-block-heading\" id=\"datos\">4. \u00bfDe d\u00f3nde provienen los datos?<\/h2>\n\n\n\n<p>MIDA plantea un uso creativo y din\u00e1mico de herramientas de inteligencia artificial que permiten hacer un primer gran mapeo mes a mes de las principales medidas, regresiones y manifestaciones de resistencia en cada uno de los pa\u00edses monitoreados. Trabajamos con <a href=\"http:\/\/claude.ai\">claude.ai<\/a> y a trav\u00e9s de ensayos de construcci\u00f3n de prompts cada vez m\u00e1s espec\u00edficos -en t\u00e9rminos tem\u00e1ticos, de recorte geogr\u00e1fico y de periodizaci\u00f3n-, llegamos a un conjunto de enlaces que sirven de evidencia de dichos eventos. Sobre la base de esa primera exploraci\u00f3n, procedemos a indagar en medios de comunicaci\u00f3n, boletines oficiales e informes elaborados por organizaciones de la sociedad civil de cada pa\u00eds. Al d\u00eda de hoy, nos encontramos tambi\u00e9n en una fase de construcci\u00f3n de una herramienta de web scrapping que nos permita hacer un barrido automatizado de informaci\u00f3n en distintas p\u00e1ginas de medios de comunicaci\u00f3n.&nbsp;<\/p>\n\n\n\n<h2 class=\"wp-block-heading\" id=\"recopilacion\">5. \u00bfEs exhaustiva la recopilaci\u00f3n de informaci\u00f3n en la base de datos?<\/h2>\n\n\n\n<p>Los datos ser\u00e1n ilustrativos, pero no exhaustivos. La publicidad de los hechos que MIDA busca informar est\u00e1 sujeta a diversas circunstancias que se relacionan con la producci\u00f3n period\u00edstica, el contexto pol\u00edtico del pa\u00eds y la gravedad de la noticia en cuesti\u00f3n. Es posible que exista un sub-registro de los eventos, sin embargo, el an\u00e1lisis propuesto no estar\u00e1 centrado en la cantidad de hechos\/noticias sino en la valoraci\u00f3n de las diversas formas que adopta el avance del autoritarismo y las resistencias que despierta.&nbsp;<\/p>\n\n\n\n<h2 class=\"wp-block-heading\" id=\"actualizacion\">6. \u00bfC\u00f3mo se actualiza la informaci\u00f3n?<\/h2>\n\n\n\n<p>Apostamos a generar cortes cuatrimestrales de actualizaci\u00f3n de datos. A partir de ello propondremos an\u00e1lisis preliminares como equipo e invitaremos a periodistas, acad\u00e9micxs y activistas de distintos pa\u00edses a compartir impresiones y reflexiones a partir del barrido de informaci\u00f3n recopilado. Los ejes sobre los cuales trabajaremos para analizar el fen\u00f3meno ser\u00e1n: :<\/p>\n\n\n\n<ul class=\"wp-block-list\">\n<li>libertad de expresi\u00f3n\/derecho a la protesta<\/li>\n\n\n\n<li>libertad sexual\/derechos sexuales y reproductivos<\/li>\n\n\n\n<li>racismo\/xenofobia<\/li>\n\n\n\n<li>derechos laborales<\/li>\n<\/ul>\n\n\n\n<p>Los datos que compilamos se organizan en entradas por fecha, pa\u00eds,&nbsp; ejes escogidos y tipos de cambio. Cada tipo de cambio recibe&nbsp; un lugar en una escala valorativa que nos permite luego construir gr\u00e1ficos din\u00e1micos para observar modulaciones a\u00f1o a a\u00f1o. Monitoreamos en relaci\u00f3n a cada uno de los ejes: <strong>avances, retrocesos, amenazas, defensas y resistencias.<\/strong><\/p>\n\n\n\n<p>Entendemos por <strong>avance <\/strong>el reconocimiento y la garant\u00eda efectiva de nuevos derechos.<\/p>\n\n\n\n<p>Los <strong>retrocesos<\/strong> son aquellas medidas de gobierno que afectan regresivamente los derechos de toda la poblaci\u00f3n o de un grupo extendido segmentado por sus caracter\u00edsticas espec\u00edficas (migrantes, minor\u00eda religiosa, sexual, trabajadorxs asalariadxs, periodistas, etc). Estas acciones dificultan o impiden el ejercicio de los derechos.&nbsp;<\/p>\n\n\n\n<p>Dentro de la categor\u00eda <strong>amenazas <\/strong>encontramos tanto discursos p\u00fablicos de altos funcionarios\/as que expresen ataques a los derechos aqu\u00ed analizados&nbsp; como votaciones negativas en organismos multilaterales que le quitan entidad o atacan expresamente los derechos que observamos. No modifican de manera inmediata el marco normativo o el acceso al derecho.<\/p>\n\n\n\n<p>Dentro del amplio abanico de <strong>resistencias <\/strong>posibles, MIDA toma en consideraci\u00f3n marchas y manifestaciones p\u00fablicas masivas que se realicen como respuesta a un ataque contra los derechos monitoreados. Tambi\u00e9n se registran aquellas medidas cautelares y amparos judiciales que desde la sociedad civil logren poner freno a las medidas que implican retrocesos.&nbsp;&nbsp;<\/p>\n\n\n\n<p>Entendemos por <strong>defensas<\/strong> aquellas acciones, decisiones o posicionamientos institucionales y ante organismos multilaterales orientados a sostener, proteger o fortalecer derechos ya reconocidos.&nbsp;<\/p>\n\n\n\n<p>A los efectos de dimensionar los niveles de impacto de las distintas medidas analizadas, en el informe cuatrimestral que elaboramos cada evento recibe una valoraci\u00f3n que nos permiten confeccionar gr\u00e1ficos din\u00e1micos por grupo de derechos:<\/p>\n\n\n\n<ul class=\"wp-block-list\">\n<li>Retroceso: -2<\/li>\n\n\n\n<li>Amenaza: -1<\/li>\n\n\n\n<li>Defensa: 1\u00a0<\/li>\n\n\n\n<li>Resistencia: 2<\/li>\n\n\n\n<li>Avance: 2<\/li>\n<\/ul>\n\n\n\n<p>Las fuentes para la elaboraci\u00f3n de cada diagn\u00f3stico estar\u00e1n anexadas en cada publicaci\u00f3n. El objetivo del diagn\u00f3stico es establecer un estado de situaci\u00f3n sobre cada variable que refleje:<\/p>\n\n\n\n<ol class=\"wp-block-list\">\n<li>Un diagn\u00f3stico general sobre el estado de situaci\u00f3n actual<\/li>\n\n\n\n<li>Una enumeraci\u00f3n de los cambios m\u00e1s importantes en el \u00faltimo a\u00f1o&nbsp; que permita dimensionar avances, retrocesos y resistencias, con una mirada general y tambi\u00e9n enfocando en cada grupo de derechos analizados.&nbsp;<\/li>\n<\/ol>\n\n\n\n<p>En cada informe encontrar\u00e1s una puesta en contexto general de cada pa\u00eds, el desglose por conjunto de derechos analizados y los gr\u00e1ficos de l\u00edneas respectivos que permiten identificar avances y retrocesos. Elaboramos un indicador que representa la suma de tipos de cambio y que asigna una valoraci\u00f3n total al pa\u00eds en sus propios t\u00e9rminos. A ese n\u00famero le corresponde un lugar dentro de un mapa de calor, visible en la portada de nuestro sitio web pero tambi\u00e9n al ingresar en cada informe. A diferencia de otros observatorios, la comparativa que proponemos no busca estrictamente poner en relaci\u00f3n a los distintos pa\u00edses entre s\u00ed; m\u00e1s bien el espectro que va del rojo al verde se configura para cada una de las unidades nacionales analizadas en funci\u00f3n del punto m\u00e1s alto y m\u00e1s bajo de avances y retrocesos observable en el gr\u00e1fico de l\u00edneas para el per\u00edodo estudiado.<\/p>\n\n\n\n<p>La elaboraci\u00f3n de los informes incluye la lectura atenta de reflexiones de investigadorxs y analistas pol\u00edticxs de cada pa\u00eds y conversaciones con colegas que conocen el territorio. Hacemos uso tambi\u00e9n de intercambios con herramientas de inteligencia artificial para desarrollar hip\u00f3tesis posibles para entender correlaciones entre avances y retrocesos en las variables y detectar efectos de coyunturas regionales e internacionales en esas modulaciones.<\/p>\n\n\n\n<h2 class=\"wp-block-heading\" id=\"variables\">7. \u00bfC\u00f3mo se construyen las variables y las subvariables?<\/h2>\n\n\n\n<p>Cada variable corresponde a un conjunto de derechos. Son variables: Libertad de Expresi\u00f3n, Derechos Sexuales y Reproductivos, Derechos Laborales y, bajo la variable Racismo y Xenofobia, englobamos aquellos derechos de pueblos originarios, personas migrantes, minor\u00edas \u00e9tnicas o religiosas. La atenci\u00f3n en estos conjuntos toma como referencia lo se\u00f1alado por diversos estudios sobre las agendas actuales de las ultraderechas, as\u00ed como tambi\u00e9n las reflexiones existentes sobre la degradaci\u00f3n del car\u00e1cter sustantivo de los valores democr\u00e1ticos (ver apartado final con bibliograf\u00eda de referencia. Las subvariables apuntan a hacer foco en un derecho o dimensi\u00f3n particular de cada variable. Recuperamos las definiciones consensuadas en tratados internacionales sobre derechos humanos para cada una de estas variables y subvariables. . En el registro de cada evento, cada variable y su respectiva subvariable se relaciona con un tipo de cambio (avance, retroceso, defensa, resistencia), por lo cual ni variable ni subvariable tienen en s\u00ed mismas carga valorativa sino en funci\u00f3n de dicha relaci\u00f3n con un tipo de cambio.&nbsp;<\/p>\n\n\n\n<hr class=\"wp-block-separator has-alpha-channel-opacity\"\/>\n\n\n\n<h3 class=\"wp-block-heading\">Variable Libertad de expresi\u00f3n:<\/h3>\n\n\n\n<p>Comprende derechos democr\u00e1ticos fundamentales cuyo alcance sintetiza el art\u00edculo 19 de la Declaraci\u00f3n Universal de los Derechos Humanos: libertad de opini\u00f3n y de expresi\u00f3n; de opini\u00f3n; el derecho de investigar y recibir informaciones y opiniones, y el de difundirlas, sin limitaci\u00f3n de fronteras, por cualquier medio de expresi\u00f3n.\u00a0<\/p>\n\n\n\n<h4 class=\"wp-block-heading\">Subvariables:<\/h4>\n\n\n\n<p><strong>Libertad de prensa:<\/strong> Da cuenta del derecho a la libre labor de periodistas y trabajadorxs de prensa; de la circulaci\u00f3n de informaci\u00f3n chequeada y veraz; del acceso a la misma por parte de la sociedad civil.\u00a0<\/p>\n\n\n\n<p><strong>Derecho a la protesta social:<\/strong> refiere al ejercicio democr\u00e1tico a expresar el disenso a trav\u00e9s de movilizaciones y manifestaciones de distinto tipo. Si bien esta subvariable est\u00e1 directamente relacionada con la variable Libertad de Expresi\u00f3n, apelaremos a ella para dar cuenta de toda movilizaci\u00f3n que se produzca en defensa de derechos atacados englobados en otras variables aqu\u00ed monitoreadas.<\/p>\n\n\n\n<p><strong>Derecho de asociaci\u00f3n y reuni\u00f3n: <\/strong>En l\u00ednea con el art\u00edculo 20 de la Declaraci\u00f3n Universal de los Derechos Humanos, refiere espec\u00edficamente al ejercicio del derecho de construir y sostener espacios colectivos de asociaci\u00f3n tales como partidos, sindicatos, organizaciones de la sociedad civil.\u00a0\u00a0<\/p>\n\n\n\n<hr class=\"wp-block-separator has-alpha-channel-opacity\"\/>\n\n\n\n<h3 class=\"wp-block-heading\">Variable Libertad sexual \/ derechos sexuales y reproductivos:<\/h3>\n\n\n\n<p>Comprende derechos humanos fundamentales e inalienables que permiten a todas las personas decidir de forma libre, informada y segura sobre su cuerpo, sexualidad y reproducci\u00f3n, sin discriminaci\u00f3n, coerci\u00f3n ni violencia. Garantizan el acceso a la salud, educaci\u00f3n sexual, planificaci\u00f3n familiar, y el placer, reconociendo la autonom\u00eda sobre la propia vida reproductiva y sexual.<\/p>\n\n\n\n<h4 class=\"wp-block-heading\">Subvariables:<\/h4>\n\n\n\n<p><strong>Acceso a anticoncepci\u00f3n y aborto:<\/strong> refiere a la existencia de legislaci\u00f3n o normativa que habilite el acceso a dichos derechos sexuales y reproductivos.\u00a0<\/p>\n\n\n\n<p><strong>Derechos LGTBIQ+:<\/strong> comprenden el respeto por la igualdad, dignidad y protecci\u00f3n contra la violencia, discriminaci\u00f3n y estigma por orientaci\u00f3n sexual o identidad de g\u00e9nero. Incluyen el derecho a la no discriminaci\u00f3n, el matrimonio igualitario, la libre expresi\u00f3n de g\u00e9nero y la salud.<\/p>\n\n\n\n<p><strong>Protecci\u00f3n contra la violencia de g\u00e9nero:<\/strong> derecho fundamental a una vida libre de agresiones, protecci\u00f3n integral (f\u00edsica, psicol\u00f3gica, social), posibilidad de asistencia jur\u00eddica gratuita inmediata y de ayudas econ\u00f3micas. Incluyen el acceso a refugios, atenci\u00f3n sanitaria especializada, derechos laborales (movilidad, reordenaci\u00f3n del tiempo, extinci\u00f3n de contrato) y el derecho a la informaci\u00f3n y la no confrontaci\u00f3n con el agresor.<\/p>\n\n\n\n<p><strong>Derecho al cuidado:<\/strong> en la intersecci\u00f3n entre este conjunto de derechos y aquellos alcanzados en Derechos Laborales, encontramos el derecho al cuidado. Recuperando una definici\u00f3n de la Corte Interamericana de Derechos Humanos de 2025, derecho aut\u00f3nomo al cuidado comprende el derecho de toda persona a contar con el tiempo, espacios y recursos necesarios para brindar, recibir o procurarse condiciones que aseguren el bienestar integral suyo o de otros y les permitan desarrollar libremente sus proyectos de vida, de acuerdo con sus capacidades y etapa vital. Se trata de un derecho que encuentra su fundamento y alcances en el principio de corresponsabilidad social y familiar, en el principio de solidaridad, y en el principio de igualdad y no discriminaci\u00f3n. En materia de acciones estatales que garantizan este derecho, observamos pol\u00edticas p\u00fablicas orientadas a reorganizar social y econ\u00f3micamente el trabajo de atenci\u00f3n a personas dependientes, reconociendo el cuidado como un derecho humano aut\u00f3nomo e integral. Buscan la corresponsabilidad entre Estado, mercado, familias y comunidad, priorizando la igualdad de g\u00e9nero, la dignidad de cuidadorxs y el bienestar de ni\u00f1xs, ancianxs y personas con discapacidad.<\/p>\n\n\n\n<hr class=\"wp-block-separator has-alpha-channel-opacity\"\/>\n\n\n\n<h3 class=\"wp-block-heading\">Variable Derecho a una vida social libre de racismo y xenofobia: <\/h3>\n\n\n\n<p>Comprende el ejercicio pleno de los derechos de las personas migrantes,\u00a0 de los pueblos originarios o comunidades ind\u00edgenas y la defensa de la pluralidad religiosa y la diversidad \u00e9tnica<\/p>\n\n\n\n<h4 class=\"wp-block-heading\">Subvariable:<\/h4>\n\n\n\n<p><strong>Derechos de personas migrantes:<\/strong> se trata de aquellos derechos ligados a la dignidad, integridad y seguridad de toda persona, independientemente de su estatus migratorio. Incluyen el derecho a la no discriminaci\u00f3n, vida, salud, trabajo, al debido proceso, y a no ser sometidos a tortura o detenci\u00f3n arbitraria. Se basan en el respeto a la dignidad humana y el derecho a circular libremente.\u00a0<\/p>\n\n\n\n<p><strong>Derechos de pueblos originarios o comunidades ind\u00edgenas:<\/strong> comprende la protecci\u00f3n tanto de libertades individuales como de derechos colectivos, enfoc\u00e1ndose en la libre determinaci\u00f3n, tierras, cultura e identidad. Se basan en la igualdad, no discriminaci\u00f3n y el consentimiento previo, libre e informado ante medidas que les afecten, tal como fue recogido en tratados internacionales como el Convenio 169 de la OIT y la Declaraci\u00f3n de la ONU sobre los derechos de los pueblos ind\u00edgenas.<\/p>\n\n\n\n<p><strong>Derecho a la libertad religiosa: <\/strong>derecho humano fundamental recogido en el art\u00edculo 18 de la Declaraci\u00f3n Universal de los Derechos Humanos, que garantiza a toda persona la libertad de pensamiento, conciencia y religi\u00f3n. Incluye la facultad de profesar, cambiar, manifestar y practicar creencias libremente, ya sea en p\u00fablico o privado.<\/p>\n\n\n\n<hr class=\"wp-block-separator has-alpha-channel-opacity\"\/>\n\n\n\n<h3 class=\"wp-block-heading\">Variable Derechos laborales:<\/h3>\n\n\n\n<p>Considerados derechos humanos fundamentales, protegen la dignidad, libertad e igualdad de las personas en el \u00e1mbito de trabajo, regulando relaciones de subordinaci\u00f3n para evitar la explotaci\u00f3n. Estos derechos, reconocidos internacionalmente por la OIT y la ONU, abarcan condiciones justas, salario digno, no discriminaci\u00f3n, libertad sindical y negociaci\u00f3n colectiva, esenciales para la realizaci\u00f3n personal y social.\u00a0<\/p>\n\n\n\n<h4 class=\"wp-block-heading\">Subvariable:<\/h4>\n\n\n\n<p><strong>Derecho a condiciones justas de trabajo:<\/strong> comprende garant\u00edas tales como el derecho a un contrato de trabajo, a un salario digno, a la no discriminaci\u00f3n y a la seguridad social asociada al empleo.\u00a0<\/p>\n\n\n\n<p><strong>Derecho a la organizaci\u00f3n sindical:<\/strong> refiere a la libertad de lxs trabajadorxs a ser representadxs y a organizarse en un sindicato.<\/p>\n\n\n\n<p><strong>Derecho a huelga:<\/strong> derecho de lxs trabajadorxs a suspender, en forma conjunta, las tareas laborales, por un tiempo determinado, con el fin de obtener mejores condiciones de trabajo o gremiales.Derechos previsionales: comprende las normas de seguridad social que protegen a las personas en su vejez, invalidez, maternidad, entre otras,\u00a0 garantizando ingresos mediante pensiones o prestaciones, generalmente financiadas por cotizaciones obligatorias. Estos derechos buscan proteger la dignidad humana y el bienestar econ\u00f3mico de lxs trabajadorxs y sus familias, permitiendo el acceso a pensiones contributivas (financiadas por el trabajador) o no contributivas (asistencia estatal).<\/p>\n","protected":false},"excerpt":{"rendered":"<p>1. \u00bfPor qu\u00e9 y para qu\u00e9 construir esta base de datos?\u00a0 En los \u00faltimos a\u00f1os, el crecimiento de la ultraderecha a nivel internacional se volvi\u00f3 un fen\u00f3meno preocupante. Dicho crecimiento es perceptible a escala global, tanto en t\u00e9rminos del incremento de figuras neofascistas ocupando puestos de gobierno (a nivel del Poder Ejecutivo hoy en Argentina, [&hellip;]<\/p>\n","protected":false},"author":2,"featured_media":0,"parent":0,"menu_order":0,"comment_status":"closed","ping_status":"closed","template":"","meta":{"footnotes":""},"class_list":["post-27","page","type-page","status-publish","hentry"],"_links":{"self":[{"href":"https:\/\/cels.org.ar\/mida\/wp-json\/wp\/v2\/pages\/27","targetHints":{"allow":["GET"]}}],"collection":[{"href":"https:\/\/cels.org.ar\/mida\/wp-json\/wp\/v2\/pages"}],"about":[{"href":"https:\/\/cels.org.ar\/mida\/wp-json\/wp\/v2\/types\/page"}],"author":[{"embeddable":true,"href":"https:\/\/cels.org.ar\/mida\/wp-json\/wp\/v2\/users\/2"}],"replies":[{"embeddable":true,"href":"https:\/\/cels.org.ar\/mida\/wp-json\/wp\/v2\/comments?post=27"}],"version-history":[{"count":2,"href":"https:\/\/cels.org.ar\/mida\/wp-json\/wp\/v2\/pages\/27\/revisions"}],"predecessor-version":[{"id":146,"href":"https:\/\/cels.org.ar\/mida\/wp-json\/wp\/v2\/pages\/27\/revisions\/146"}],"wp:attachment":[{"href":"https:\/\/cels.org.ar\/mida\/wp-json\/wp\/v2\/media?parent=27"}],"curies":[{"name":"wp","href":"https:\/\/api.w.org\/{rel}","templated":true}]}}