{"id":25,"date":"2026-02-02T14:50:21","date_gmt":"2026-02-02T17:50:21","guid":{"rendered":"https:\/\/cels.org.ar\/sabesquefue\/?page_id=25"},"modified":"2026-02-06T11:57:12","modified_gmt":"2026-02-06T14:57:12","slug":"creditos","status":"publish","type":"page","link":"https:\/\/cels.org.ar\/sabesquefue\/creditos\/","title":{"rendered":"Cr\u00e9ditos"},"content":{"rendered":"\n<p>coordinaci\u00f3n: Marcela Perelman<br>investigaci\u00f3n y redacci\u00f3n: Mar\u00eda Here\u00f1\u00fa, Delfina Llad\u00f3, Gabriela Mitidieri, Martina Noailles, Marcela Perelman y Clara Uranga<br>asesoramiento pedag\u00f3gico: Julia Barrio<br>edici\u00f3n: Clara Uranga<br>ilustraci\u00f3n: Juan Pablo Dellacha<br>dise\u00f1o gr\u00e1fico: Mariana Migueles<br>programaci\u00f3n web: Mercedes J\u00e1uregui<\/p>\n","protected":false},"excerpt":{"rendered":"<p>coordinaci\u00f3n: Marcela Perelmaninvestigaci\u00f3n y redacci\u00f3n: Mar\u00eda Here\u00f1\u00fa, Delfina Llad\u00f3, Gabriela Mitidieri, Martina Noailles, Marcela Perelman y Clara Urangaasesoramiento pedag\u00f3gico: Julia Barrioedici\u00f3n: Clara Urangailustraci\u00f3n: Juan Pablo Dellachadise\u00f1o gr\u00e1fico: Mariana Miguelesprogramaci\u00f3n web: Mercedes J\u00e1uregui<\/p>\n","protected":false},"author":1,"featured_media":0,"parent":0,"menu_order":0,"comment_status":"closed","ping_status":"closed","template":"","meta":{"footnotes":""},"class_list":["post-25","page","type-page","status-publish","hentry"],"_links":{"self":[{"href":"https:\/\/cels.org.ar\/sabesquefue\/wp-json\/wp\/v2\/pages\/25","targetHints":{"allow":["GET"]}}],"collection":[{"href":"https:\/\/cels.org.ar\/sabesquefue\/wp-json\/wp\/v2\/pages"}],"about":[{"href":"https:\/\/cels.org.ar\/sabesquefue\/wp-json\/wp\/v2\/types\/page"}],"author":[{"embeddable":true,"href":"https:\/\/cels.org.ar\/sabesquefue\/wp-json\/wp\/v2\/users\/1"}],"replies":[{"embeddable":true,"href":"https:\/\/cels.org.ar\/sabesquefue\/wp-json\/wp\/v2\/comments?post=25"}],"version-history":[{"count":3,"href":"https:\/\/cels.org.ar\/sabesquefue\/wp-json\/wp\/v2\/pages\/25\/revisions"}],"predecessor-version":[{"id":155,"href":"https:\/\/cels.org.ar\/sabesquefue\/wp-json\/wp\/v2\/pages\/25\/revisions\/155"}],"wp:attachment":[{"href":"https:\/\/cels.org.ar\/sabesquefue\/wp-json\/wp\/v2\/media?parent=25"}],"curies":[{"name":"wp","href":"https:\/\/api.w.org\/{rel}","templated":true}]}}